{"id":376,"date":"2025-09-18T17:26:14","date_gmt":"2025-09-18T15:26:14","guid":{"rendered":"https:\/\/grupoattico.com\/?page_id=376"},"modified":"2026-01-14T10:41:44","modified_gmt":"2026-01-14T09:41:44","slug":"politica-de-cookies","status":"publish","type":"page","link":"https:\/\/grupoattico.com\/index.php\/politica-de-cookies\/","title":{"rendered":"Pol\u00edtica de cookies"},"content":{"rendered":"\t\t<div data-elementor-type=\"wp-page\" data-elementor-id=\"376\" class=\"elementor elementor-376\">\n\t\t\t\t<div class=\"elementor-element elementor-element-c2bf4da e-flex e-con-boxed e-con e-parent\" data-id=\"c2bf4da\" data-element_type=\"container\" data-e-type=\"container\">\n\t\t\t\t\t<div class=\"e-con-inner\">\n\t\t\t\t<div class=\"elementor-element elementor-element-20e09a1 elementor-widget elementor-widget-heading\" data-id=\"20e09a1\" data-element_type=\"widget\" data-e-type=\"widget\" data-widget_type=\"heading.default\">\n\t\t\t\t\t<h2 class=\"elementor-heading-title elementor-size-default\">Politica de cookies<\/h2>\t\t\t\t<\/div>\n\t\t\t\t<div class=\"elementor-element elementor-element-ce19c08 elementor-widget elementor-widget-text-editor\" data-id=\"ce19c08\" data-element_type=\"widget\" data-e-type=\"widget\" data-widget_type=\"text-editor.default\">\n\t\t\t\t\t\t\t\t\t<h1><b>&nbsp;<\/b><b style=\"font-size: 1.5rem; font-style: inherit;\">1. \u00bfQu\u00e9 son las cookies?<\/b><\/h1>\n<p><span style=\"font-weight: 400;\">Las cookies son peque\u00f1os archivos de texto que se descargan en el dispositivo del usuario al acceder a determinadas p\u00e1ginas web. Permiten, entre otras cosas, almacenar y recuperar informaci\u00f3n sobre los h\u00e1bitos de navegaci\u00f3n de un usuario o de su equipo y, dependiendo de la informaci\u00f3n que contengan y de la forma en que se utilice el equipo, pueden utilizarse para reconocer al usuario.<\/span><\/p>\n<h3><b>2. Tipos de cookies utilizadas en este sitio web<\/b><\/h3>\n<p><span style=\"font-weight: 400;\">Este sitio web utiliza cookies propias y de terceros con las siguientes finalidades:<\/span><\/p>\n<h4><b>a) Cookies t\u00e9cnicas o necesarias<\/b><\/h4>\n<p><span style=\"font-weight: 400;\">Son aquellas imprescindibles para el correcto funcionamiento del sitio web y la utilizaci\u00f3n de sus diferentes opciones o servicios, como, por ejemplo, controlar el tr\u00e1fico y la comunicaci\u00f3n de datos, identificar la sesi\u00f3n o acceder a \u00e1reas restringidas.<\/span><\/p>\n<p><span style=\"font-weight: 400;\">Estas cookies no requieren el consentimiento del usuario.<\/span><\/p>\n<h4><b>b) Cookies de an\u00e1lisis o medici\u00f3n<\/b><\/h4>\n<p><span style=\"font-weight: 400;\">Permiten cuantificar el n\u00famero de usuarios y realizar la medici\u00f3n y an\u00e1lisis estad\u00edstico de la utilizaci\u00f3n que hacen los usuarios del sitio web, con el fin de mejorar los servicios ofrecidos.<\/span><\/p>\n<p><span style=\"font-weight: 400;\">Por ejemplo, cookies de <\/span><b>Google Analytics<\/b><span style=\"font-weight: 400;\"> u otras herramientas similares.<\/span><\/p>\n<h4><b>c) Cookies de personalizaci\u00f3n<\/b><\/h4>\n<p><span style=\"font-weight: 400;\">Permiten recordar informaci\u00f3n para que el usuario acceda al servicio con determinadas caracter\u00edsticas que pueden diferenciar su experiencia, como el idioma o el tipo de navegador.<\/span><\/p>\n<h4><b>d) Cookies de terceros<\/b><\/h4>\n<p><span style=\"font-weight: 400;\">Este sitio web puede utilizar servicios de terceros que recopilar\u00e1n informaci\u00f3n con fines estad\u00edsticos, de uso del sitio web o para la prestaci\u00f3n de otros servicios relacionados con la actividad del sitio.<\/span><\/p>\n<h3><b>3. Gesti\u00f3n y configuraci\u00f3n de cookies<\/b><\/h3>\n<p><span style=\"font-weight: 400;\">El usuario puede <\/span><b>aceptar, rechazar o configurar el uso de cookies<\/b><span style=\"font-weight: 400;\"> a trav\u00e9s del banner de cookies disponible al acceder al sitio web.<\/span><\/p>\n<p><span style=\"font-weight: 400;\">Asimismo, puede permitir, bloquear o eliminar las cookies instaladas en su dispositivo mediante la configuraci\u00f3n de las opciones del navegador que utilice. A continuaci\u00f3n, se indican enlaces a los principales navegadores:<\/span><\/p>\n<ul>\n<li style=\"font-weight: 400;\" aria-level=\"1\"><span style=\"font-weight: 400;\">Google Chrome: https:\/\/support.google.com\/chrome\/answer\/95647<\/span><\/li>\n<li style=\"font-weight: 400;\" aria-level=\"1\"><span style=\"font-weight: 400;\">Mozilla Firefox: https:\/\/support.mozilla.org\/es\/kb\/habilitar-y-deshabilitar-cookies<\/span><\/li>\n<li style=\"font-weight: 400;\" aria-level=\"1\"><span style=\"font-weight: 400;\">Safari: https:\/\/support.apple.com\/es-es\/guide\/safari\/sfri11471<\/span><\/li>\n<li style=\"font-weight: 400;\" aria-level=\"1\"><span style=\"font-weight: 400;\">Microsoft Edge: https:\/\/support.microsoft.com\/es-es\/help\/4027947<\/span><\/li>\n<\/ul>\n<p><span style=\"font-weight: 400;\">La desactivaci\u00f3n de cookies puede afectar al correcto funcionamiento de determinadas funcionalidades del sitio web.<\/span><\/p>\n<h3><b>5. Consentimiento<\/b><\/h3>\n<p><span style=\"font-weight: 400;\">Al acceder por primera vez a este sitio web, el usuario visualizar\u00e1 un aviso o banner informativo sobre el uso de cookies, donde podr\u00e1 <\/span><b>aceptar, rechazar o configurar<\/b><span style=\"font-weight: 400;\"> las cookies no necesarias.<\/span><\/p>\n<p><span style=\"font-weight: 400;\">El consentimiento prestado podr\u00e1 ser retirado en cualquier momento mediante la configuraci\u00f3n del navegador o a trav\u00e9s del panel de configuraci\u00f3n de cookies disponible en el sitio web.<\/span><\/p>\n<h3><b>6. Transferencias internacionales de datos<\/b><\/h3>\n<p><span style=\"font-weight: 400;\">En el caso de utilizar cookies de terceros, como herramientas de an\u00e1lisis, es posible que los datos recopilados se transfieran fuera del Espacio Econ\u00f3mico Europeo. Estas transferencias se realizar\u00e1n conforme a las garant\u00edas adecuadas exigidas por la normativa vigente.<\/span><\/p>\n<h3><b>7. Actualizaci\u00f3n de la pol\u00edtica de cookies<\/b><\/h3>\n<p><span style=\"font-weight: 400;\">Attico Group podr\u00e1 modificar la presente Pol\u00edtica de Cookies en funci\u00f3n de exigencias legislativas, reglamentarias o con la finalidad de adaptarla a las instrucciones dictadas por las autoridades de control.<\/span><\/p>\n<p><span style=\"font-weight: 400;\">Se recomienda al usuario revisar peri\u00f3dicamente esta pol\u00edtica.<\/span><span style=\"font-weight: 400;\"><br><\/span><b>\u00daltima actualizaci\u00f3n:<\/b><span style=\"font-weight: 400;\"> [12.1.2020]<\/span><\/p>\t\t\t\t\t\t\t\t<\/div>\n\t\t\t\t\t<\/div>\n\t\t\t\t<\/div>\n\t\t\t\t<\/div>\n\t\t","protected":false},"excerpt":{"rendered":"<p>Politica de cookies &nbsp;1. \u00bfQu\u00e9 son las cookies? Las cookies son peque\u00f1os archivos de texto que se descargan en el [&hellip;]<\/p>\n","protected":false},"author":1,"featured_media":0,"parent":0,"menu_order":0,"comment_status":"closed","ping_status":"closed","template":"","meta":{"_uag_custom_page_level_css":"","site-sidebar-layout":"no-sidebar","site-content-layout":"","ast-site-content-layout":"full-width-container","site-content-style":"default","site-sidebar-style":"default","ast-global-header-display":"","ast-banner-title-visibility":"","ast-main-header-display":"","ast-hfb-above-header-display":"","ast-hfb-below-header-display":"","ast-hfb-mobile-header-display":"","site-post-title":"disabled","ast-breadcrumbs-content":"","ast-featured-img":"disabled","footer-sml-layout":"","ast-disable-related-posts":"","theme-transparent-header-meta":"","adv-header-id-meta":"","stick-header-meta":"","header-above-stick-meta":"","header-main-stick-meta":"","header-below-stick-meta":"","astra-migrate-meta-layouts":"default","ast-page-background-enabled":"default","ast-page-background-meta":{"desktop":{"background-color":"var(--ast-global-color-5)","background-image":"","background-repeat":"repeat","background-position":"center center","background-size":"auto","background-attachment":"scroll","background-type":"","background-media":"","overlay-type":"","overlay-color":"","overlay-opacity":"","overlay-gradient":""},"tablet":{"background-color":"","background-image":"","background-repeat":"repeat","background-position":"center center","background-size":"auto","background-attachment":"scroll","background-type":"","background-media":"","overlay-type":"","overlay-color":"","overlay-opacity":"","overlay-gradient":""},"mobile":{"background-color":"","background-image":"","background-repeat":"repeat","background-position":"center center","background-size":"auto","background-attachment":"scroll","background-type":"","background-media":"","overlay-type":"","overlay-color":"","overlay-opacity":"","overlay-gradient":""}},"ast-content-background-meta":{"desktop":{"background-color":"var(--ast-global-color-4)","background-image":"","background-repeat":"repeat","background-position":"center center","background-size":"auto","background-attachment":"scroll","background-type":"","background-media":"","overlay-type":"","overlay-color":"","overlay-opacity":"","overlay-gradient":""},"tablet":{"background-color":"var(--ast-global-color-4)","background-image":"","background-repeat":"repeat","background-position":"center center","background-size":"auto","background-attachment":"scroll","background-type":"","background-media":"","overlay-type":"","overlay-color":"","overlay-opacity":"","overlay-gradient":""},"mobile":{"background-color":"var(--ast-global-color-4)","background-image":"","background-repeat":"repeat","background-position":"center center","background-size":"auto","background-attachment":"scroll","background-type":"","background-media":"","overlay-type":"","overlay-color":"","overlay-opacity":"","overlay-gradient":""}},"footnotes":""},"class_list":["post-376","page","type-page","status-publish","hentry"],"yoast_head":"<!-- This site is optimized with the Yoast SEO plugin v27.4 - https:\/\/yoast.com\/product\/yoast-seo-wordpress\/ -->\n<title>Pol\u00edtica de cookies - ATTICO GROUP<\/title>\n<meta name=\"robots\" content=\"index, follow, max-snippet:-1, max-image-preview:large, max-video-preview:-1\" \/>\n<link rel=\"canonical\" href=\"https:\/\/grupoattico.com\/index.php\/politica-de-cookies\/\" \/>\n<meta property=\"og:locale\" content=\"es_ES\" \/>\n<meta property=\"og:type\" content=\"article\" \/>\n<meta property=\"og:title\" content=\"Pol\u00edtica de cookies - ATTICO GROUP\" \/>\n<meta property=\"og:description\" content=\"Politica de cookies &nbsp;1. \u00bfQu\u00e9 son las cookies? Las cookies son peque\u00f1os archivos de texto que se descargan en el [&hellip;]\" \/>\n<meta property=\"og:url\" content=\"https:\/\/grupoattico.com\/index.php\/politica-de-cookies\/\" \/>\n<meta property=\"og:site_name\" content=\"ATTICO GROUP\" \/>\n<meta property=\"article:modified_time\" content=\"2026-01-14T09:41:44+00:00\" \/>\n<meta name=\"twitter:card\" content=\"summary_large_image\" \/>\n<meta name=\"twitter:label1\" content=\"Tiempo de lectura\" \/>\n\t<meta name=\"twitter:data1\" content=\"3 minutos\" \/>\n<script type=\"application\/ld+json\" class=\"yoast-schema-graph\">{\"@context\":\"https:\\\/\\\/schema.org\",\"@graph\":[{\"@type\":\"WebPage\",\"@id\":\"https:\\\/\\\/grupoattico.com\\\/index.php\\\/politica-de-cookies\\\/\",\"url\":\"https:\\\/\\\/grupoattico.com\\\/index.php\\\/politica-de-cookies\\\/\",\"name\":\"Pol\u00edtica de cookies - ATTICO GROUP\",\"isPartOf\":{\"@id\":\"https:\\\/\\\/grupoattico.com\\\/#website\"},\"datePublished\":\"2025-09-18T15:26:14+00:00\",\"dateModified\":\"2026-01-14T09:41:44+00:00\",\"breadcrumb\":{\"@id\":\"https:\\\/\\\/grupoattico.com\\\/index.php\\\/politica-de-cookies\\\/#breadcrumb\"},\"inLanguage\":\"es\",\"potentialAction\":[{\"@type\":\"ReadAction\",\"target\":[\"https:\\\/\\\/grupoattico.com\\\/index.php\\\/politica-de-cookies\\\/\"]}]},{\"@type\":\"BreadcrumbList\",\"@id\":\"https:\\\/\\\/grupoattico.com\\\/index.php\\\/politica-de-cookies\\\/#breadcrumb\",\"itemListElement\":[{\"@type\":\"ListItem\",\"position\":1,\"name\":\"Portada\",\"item\":\"https:\\\/\\\/grupoattico.com\\\/\"},{\"@type\":\"ListItem\",\"position\":2,\"name\":\"Pol\u00edtica de cookies\"}]},{\"@type\":\"WebSite\",\"@id\":\"https:\\\/\\\/grupoattico.com\\\/#website\",\"url\":\"https:\\\/\\\/grupoattico.com\\\/\",\"name\":\"Grupo Attico\",\"description\":\"\",\"publisher\":{\"@id\":\"https:\\\/\\\/grupoattico.com\\\/#organization\"},\"potentialAction\":[{\"@type\":\"SearchAction\",\"target\":{\"@type\":\"EntryPoint\",\"urlTemplate\":\"https:\\\/\\\/grupoattico.com\\\/?s={search_term_string}\"},\"query-input\":{\"@type\":\"PropertyValueSpecification\",\"valueRequired\":true,\"valueName\":\"search_term_string\"}}],\"inLanguage\":\"es\"},{\"@type\":\"Organization\",\"@id\":\"https:\\\/\\\/grupoattico.com\\\/#organization\",\"name\":\"Grupo Attico | Azafatas y eventos\",\"url\":\"https:\\\/\\\/grupoattico.com\\\/\",\"logo\":{\"@type\":\"ImageObject\",\"inLanguage\":\"es\",\"@id\":\"https:\\\/\\\/grupoattico.com\\\/#\\\/schema\\\/logo\\\/image\\\/\",\"url\":\"https:\\\/\\\/grupoattico.com\\\/wp-content\\\/uploads\\\/2025\\\/09\\\/LOGO-512x512-1.png\",\"contentUrl\":\"https:\\\/\\\/grupoattico.com\\\/wp-content\\\/uploads\\\/2025\\\/09\\\/LOGO-512x512-1.png\",\"width\":512,\"height\":512,\"caption\":\"Grupo Attico | Azafatas y eventos\"},\"image\":{\"@id\":\"https:\\\/\\\/grupoattico.com\\\/#\\\/schema\\\/logo\\\/image\\\/\"},\"sameAs\":[\"https:\\\/\\\/www.instagram.com\\\/atticogroup\\\/\"]}]}<\/script>\n<!-- \/ Yoast SEO plugin. -->","yoast_head_json":{"title":"Pol\u00edtica de cookies - ATTICO GROUP","robots":{"index":"index","follow":"follow","max-snippet":"max-snippet:-1","max-image-preview":"max-image-preview:large","max-video-preview":"max-video-preview:-1"},"canonical":"https:\/\/grupoattico.com\/index.php\/politica-de-cookies\/","og_locale":"es_ES","og_type":"article","og_title":"Pol\u00edtica de cookies - ATTICO GROUP","og_description":"Politica de cookies &nbsp;1. \u00bfQu\u00e9 son las cookies? Las cookies son peque\u00f1os archivos de texto que se descargan en el [&hellip;]","og_url":"https:\/\/grupoattico.com\/index.php\/politica-de-cookies\/","og_site_name":"ATTICO GROUP","article_modified_time":"2026-01-14T09:41:44+00:00","twitter_card":"summary_large_image","twitter_misc":{"Tiempo de lectura":"3 minutos"},"schema":{"@context":"https:\/\/schema.org","@graph":[{"@type":"WebPage","@id":"https:\/\/grupoattico.com\/index.php\/politica-de-cookies\/","url":"https:\/\/grupoattico.com\/index.php\/politica-de-cookies\/","name":"Pol\u00edtica de cookies - ATTICO GROUP","isPartOf":{"@id":"https:\/\/grupoattico.com\/#website"},"datePublished":"2025-09-18T15:26:14+00:00","dateModified":"2026-01-14T09:41:44+00:00","breadcrumb":{"@id":"https:\/\/grupoattico.com\/index.php\/politica-de-cookies\/#breadcrumb"},"inLanguage":"es","potentialAction":[{"@type":"ReadAction","target":["https:\/\/grupoattico.com\/index.php\/politica-de-cookies\/"]}]},{"@type":"BreadcrumbList","@id":"https:\/\/grupoattico.com\/index.php\/politica-de-cookies\/#breadcrumb","itemListElement":[{"@type":"ListItem","position":1,"name":"Portada","item":"https:\/\/grupoattico.com\/"},{"@type":"ListItem","position":2,"name":"Pol\u00edtica de cookies"}]},{"@type":"WebSite","@id":"https:\/\/grupoattico.com\/#website","url":"https:\/\/grupoattico.com\/","name":"Grupo Attico","description":"","publisher":{"@id":"https:\/\/grupoattico.com\/#organization"},"potentialAction":[{"@type":"SearchAction","target":{"@type":"EntryPoint","urlTemplate":"https:\/\/grupoattico.com\/?s={search_term_string}"},"query-input":{"@type":"PropertyValueSpecification","valueRequired":true,"valueName":"search_term_string"}}],"inLanguage":"es"},{"@type":"Organization","@id":"https:\/\/grupoattico.com\/#organization","name":"Grupo Attico | Azafatas y eventos","url":"https:\/\/grupoattico.com\/","logo":{"@type":"ImageObject","inLanguage":"es","@id":"https:\/\/grupoattico.com\/#\/schema\/logo\/image\/","url":"https:\/\/grupoattico.com\/wp-content\/uploads\/2025\/09\/LOGO-512x512-1.png","contentUrl":"https:\/\/grupoattico.com\/wp-content\/uploads\/2025\/09\/LOGO-512x512-1.png","width":512,"height":512,"caption":"Grupo Attico | Azafatas y eventos"},"image":{"@id":"https:\/\/grupoattico.com\/#\/schema\/logo\/image\/"},"sameAs":["https:\/\/www.instagram.com\/atticogroup\/"]}]}},"_hostinger_reach_plugin_has_subscription_block":false,"_hostinger_reach_plugin_is_elementor":false,"uagb_featured_image_src":{"full":false,"thumbnail":false,"medium":false,"medium_large":false,"large":false,"1536x1536":false,"2048x2048":false},"uagb_author_info":{"display_name":"Anna","author_link":"https:\/\/grupoattico.com\/index.php\/author\/anna\/"},"uagb_comment_info":0,"uagb_excerpt":"Politica de cookies &nbsp;1. \u00bfQu\u00e9 son las cookies? Las cookies son peque\u00f1os archivos de texto que se descargan en el [&hellip;]","_links":{"self":[{"href":"https:\/\/grupoattico.com\/index.php\/wp-json\/wp\/v2\/pages\/376","targetHints":{"allow":["GET"]}}],"collection":[{"href":"https:\/\/grupoattico.com\/index.php\/wp-json\/wp\/v2\/pages"}],"about":[{"href":"https:\/\/grupoattico.com\/index.php\/wp-json\/wp\/v2\/types\/page"}],"author":[{"embeddable":true,"href":"https:\/\/grupoattico.com\/index.php\/wp-json\/wp\/v2\/users\/1"}],"replies":[{"embeddable":true,"href":"https:\/\/grupoattico.com\/index.php\/wp-json\/wp\/v2\/comments?post=376"}],"version-history":[{"count":15,"href":"https:\/\/grupoattico.com\/index.php\/wp-json\/wp\/v2\/pages\/376\/revisions"}],"predecessor-version":[{"id":776,"href":"https:\/\/grupoattico.com\/index.php\/wp-json\/wp\/v2\/pages\/376\/revisions\/776"}],"wp:attachment":[{"href":"https:\/\/grupoattico.com\/index.php\/wp-json\/wp\/v2\/media?parent=376"}],"curies":[{"name":"wp","href":"https:\/\/api.w.org\/{rel}","templated":true}]}}