{"id":372,"date":"2025-09-18T17:20:10","date_gmt":"2025-09-18T15:20:10","guid":{"rendered":"https:\/\/grupoattico.com\/?page_id=372"},"modified":"2026-01-30T09:19:12","modified_gmt":"2026-01-30T08:19:12","slug":"aviso-legal","status":"publish","type":"page","link":"https:\/\/grupoattico.com\/index.php\/aviso-legal\/","title":{"rendered":"Aviso legal"},"content":{"rendered":"\t\t<div data-elementor-type=\"wp-page\" data-elementor-id=\"372\" class=\"elementor elementor-372\">\n\t\t\t\t<div class=\"elementor-element elementor-element-faeb7ad e-flex e-con-boxed e-con e-parent\" data-id=\"faeb7ad\" data-element_type=\"container\" data-e-type=\"container\">\n\t\t\t\t\t<div class=\"e-con-inner\">\n\t\t\t\t<div class=\"elementor-element elementor-element-6dfe8c9 elementor-widget elementor-widget-heading\" data-id=\"6dfe8c9\" data-element_type=\"widget\" data-e-type=\"widget\" data-widget_type=\"heading.default\">\n\t\t\t\t\t<h2 class=\"elementor-heading-title elementor-size-default\">Aviso legal y t\u00e9rminos de uso<\/h2>\t\t\t\t<\/div>\n\t\t\t\t<div class=\"elementor-element elementor-element-0826c5d elementor-widget elementor-widget-text-editor\" data-id=\"0826c5d\" data-element_type=\"widget\" data-e-type=\"widget\" data-widget_type=\"text-editor.default\">\n\t\t\t\t\t\t\t\t\t<h3><b>1. Informaci\u00f3n general<\/b><\/h3><p><span style=\"font-weight: 400;\">En cumplimiento del deber de informaci\u00f3n establecido en la normativa vigente sobre servicios de la sociedad de la informaci\u00f3n, se facilitan a continuaci\u00f3n los datos identificativos del titular de este sitio web:<\/span><\/p><ol><li style=\"font-weight: 400;\" aria-level=\"1\"><b>Titular:<\/b><span style=\"font-weight: 400;\"> Sevilla Audiovisuales<\/span><\/li><li style=\"font-size: 16px;\" aria-level=\"1\"><b style=\"font-style: inherit;\"><span style=\"font-weight: normal;\"><span style=\"font-size: 11pt; font-family: Arial, sans-serif; background-color: transparent; font-weight: bold; font-variant-numeric: normal; font-variant-east-asian: normal; font-variant-alternates: normal; font-variant-position: normal; font-variant-emoji: normal; vertical-align: baseline; white-space-collapse: preserve;\">NIF\/CIF:<\/span><span style=\"font-size: 11pt; font-family: Arial, sans-serif; background-color: transparent; font-variant-numeric: normal; font-variant-east-asian: normal; font-variant-alternates: normal; font-variant-position: normal; font-variant-emoji: normal; vertical-align: baseline; white-space-collapse: preserve;\"> B63497853<\/span><\/span><\/b><\/li><li style=\"font-size: 16px;\" aria-level=\"1\"><b style=\"font-style: inherit;\">Correo electr\u00f3nico:<\/b><span style=\"font-style: inherit; font-weight: inherit;\"> [info@grupoattico.com]<\/span><\/li><li style=\"font-weight: 400;\" aria-level=\"1\"><b>Actividad:<\/b><span style=\"font-weight: 400;\"> Agencia de azafatas, personal para eventos, organizaci\u00f3n de eventos y servicios auxiliares.<\/span><\/li><\/ol><p>El acceso y uso de este sitio web atribuye la condici\u00f3n de <b style=\"font-style: inherit;\">usuario<\/b><span style=\"font-weight: 400;\">, lo que implica la aceptaci\u00f3n plena de las presentes condiciones desde el momento de la navegaci\u00f3n.<\/span><\/p><h3><b>2. Objeto del sitio web<\/b><\/h3><p><span style=\"font-weight: 400;\">El presente sitio web tiene como finalidad informar sobre los servicios ofrecidos por Attico Group, consistentes, entre otros, en la prestaci\u00f3n de personal para eventos, azafatas\/os, modelos de imagen, camareros, animadores, personal auxiliar, servicios de catering, seguridad y organizaci\u00f3n de eventos.<\/span><\/p><h3><b>3. Condiciones de uso<\/b><\/h3><p><span style=\"font-weight: 400;\">El USUARIO asume la responsabilidad del uso del portal. Dicha responsabilidad se extiende al registro que fuese necesario para acceder a determinados servicios o contenidos. En dicho registro el USUARIO ser\u00e1 responsable de aportar informaci\u00f3n veraz y l\u00edcita. Como consecuencia de este registro, al USUARIO se le puede proporcionar una contrase\u00f1a de la que ser\u00e1 responsable, comprometi\u00e9ndose a hacer un uso diligente y confidencial de la misma.<\/span><\/p><p><span style=\"font-weight: 400;\">El USUARIO se compromete a hacer un uso adecuado de los contenidos y servicios (p.e. servicios de chat, foros de discusi\u00f3n o grupos de noticias) que EL TITULAR ofrece a trav\u00e9s de su portal y con car\u00e1cter enunciativo pero no limitativo, a no emplearlos para:<\/span><\/p><ul><li style=\"font-weight: 400;\" aria-level=\"1\"><span style=\"font-weight: 400;\">Incurrir en actividades il\u00edcitas, ilegales o contrarias a la buena fe y al orden p\u00fablico.<\/span><\/li><li style=\"font-weight: 400;\" aria-level=\"1\"><span style=\"font-weight: 400;\">Difundir contenidos o propaganda racista, xen\u00f3foba, pornogr\u00e1fico-ilegal, de apolog\u00eda del terrorismo o atentatoria contra los derechos humanos.<\/span><\/li><li style=\"font-weight: 400;\" aria-level=\"1\"><span style=\"font-weight: 400;\">Provocar da\u00f1os en los sistemas f\u00edsicos y l\u00f3gicos de la web, de sus proveedores o de terceras personas, introducir o difundir en la red virus inform\u00e1ticos o cualesquiera otros sistemas f\u00edsicos o l\u00f3gicos que sean susceptibles de provocar los da\u00f1os anteriormente mencionados.<\/span><\/li><li style=\"font-weight: 400;\" aria-level=\"1\"><span style=\"font-weight: 400;\">Intentar acceder y, en su caso, utilizar las cuentas de correo electr\u00f3nico de otros usuarios y modificar o manipular sus mensajes.<\/span><\/li><li style=\"font-weight: 400;\" aria-level=\"1\"><span style=\"font-weight: 400;\">Utilizar el sitio web ni las informaciones que en \u00e9l se contienen con fines comerciales, pol\u00edticos, publicitarios y para cualquier uso comercial, sobre todo en el env\u00edo de correos electr\u00f3nicos no solicitados.<\/span><\/li><\/ul><p><span style=\"font-weight: 400;\">Los menores de esta edad no est\u00e1n autorizados a utilizar nuestros servicios y no deber\u00e1n, por tanto, enviarnos sus datos personales. Informamos de que si se da tal circunstancia, el TITULAR no se hace responsable de las posibles consecuencias que pudieran derivarse del incumplimiento del aviso que en esta misma cl\u00e1usula se establece.<\/span><\/p><p><span style=\"font-weight: 400;\">EL TITULAR se reserva el derecho a retirar todos aquellos comentarios y aportaciones que vulneren el respeto a la dignidad de la persona, que sean discriminatorios, xen\u00f3fobos, racistas pornogr\u00e1ficos, que atenten contra la juventud o la infancia, el orden o la seguridad p\u00fablica o que, a su juicio, no resultar\u00e1n adecuados para su publicaci\u00f3n. En cualquier caso, EL TITULAR no ser\u00e1 responsable de las opiniones vertidas por los usuarios a trav\u00e9s de los foros, chats, u otras herramientas de participaci\u00f3n.<\/span><\/p><p><span style=\"font-weight: 400;\">EL TITULAR se reserva el derecho a denegar o retirar el acceso a portal y\/o los servicios ofrecidos sin necesidad de advertencia previa, a instancia propia o de un tercero, a aquellos usuarios que incumplan el contenido de este aviso legal.<\/span><\/p><p><span style=\"font-weight: 400;\">El TITULAR perseguir\u00e1 el incumplimiento de las presentes condiciones as\u00ed como cualquier utilizaci\u00f3n indebida de su portal ejerciendo todas las acciones civiles y penales que le puedan corresponder en derecho.<\/span><\/p><h3><b>4. Protecci\u00f3n de datos personales<\/b><\/h3><p><span style=\"font-weight: 400;\">Attico Group trata los datos personales de los usuarios de conformidad con la normativa vigente en materia de protecci\u00f3n de datos.<\/span><span style=\"font-weight: 400;\"><br \/><\/span><span style=\"font-weight: 400;\">Toda la informaci\u00f3n relativa al tratamiento de datos personales se encuentra disponible en la<\/span> <b>Pol\u00edtica de Privacidad<\/b> <span style=\"font-weight: 400;\">de este sitio web.<\/span><\/p><h3><b>5. Medidas de seguridad<\/b><\/h3><p><span style=\"font-weight: 400;\">Los datos personales facilitados por los usuarios podr\u00e1n ser incorporados a bases de datos, automatizadas o no, cuya titularidad corresponde a Attico Group, adoptando las medidas t\u00e9cnicas y organizativas necesarias para garantizar la confidencialidad, integridad y seguridad de la informaci\u00f3n.<\/span><\/p><p><span style=\"font-weight: 400;\">El Titular ha contratado para su sitio web un certificado SSL (\u00abSecure Sockets Layer\u00bb). Un certificado SSL permite proteger toda la informaci\u00f3n personal y confidencial que se pueda manejar en un sitio web, independientemente de la informaci\u00f3n que se est\u00e9 transmitiendo, como por ejemplo, desde cualquiera de los formularios de contacto del sitio web hasta el servidor, o los datos introducidos para la suscripci\u00f3n de boletines de noticias o accesos a las \u00e1reas protegidas, etc.\u00a0<\/span><\/p><h3><b>6. Hojas de reclamaciones<\/b><\/h3><p><span style=\"font-weight: 400;\">Attico Group informa a los usuarios de que <\/span><b>existen hojas oficiales de reclamaciones a disposici\u00f3n de clientes y usuarios<\/b><span style=\"font-weight: 400;\">, conforme a la normativa de protecci\u00f3n de los consumidores y usuarios.<\/span><\/p><p><span style=\"font-weight: 400;\">El usuario puede solicitar su hoja de reclamaciones enviando un correo electr\u00f3nico a <\/span><b>[info@grupoattico.com]<\/b><span style=\"font-weight: 400;\">, indicando:<\/span><\/p><ul><li style=\"font-weight: 400;\" aria-level=\"1\"><span style=\"font-weight: 400;\">Nombre y apellidos<\/span><\/li><li style=\"font-weight: 400;\" aria-level=\"1\"><span style=\"font-weight: 400;\">Servicio contratado<\/span><\/li><li style=\"font-weight: 400;\" aria-level=\"1\"><span style=\"font-weight: 400;\">Motivo de la reclamaci\u00f3n<\/span><\/li><\/ul><p><span style=\"font-weight: 400;\">Asimismo, el usuario podr\u00e1 presentar su reclamaci\u00f3n ante los organismos de consumo competentes.<\/span><\/p><h3><b>7. Plataforma de resoluci\u00f3n de litigios en l\u00ednea<\/b><\/h3><p><span style=\"font-weight: 400;\">De conformidad con la normativa europea, el usuario puede acceder a la <\/span><b>Plataforma de Resoluci\u00f3n de Litigios en L\u00ednea<\/b><span style=\"font-weight: 400;\"> de la Comisi\u00f3n Europea a trav\u00e9s del siguiente enlace:<\/span><span style=\"font-weight: 400;\"><br \/><\/span><a href=\"https:\/\/consumer-redress.ec.europa.eu\/index_es\"><span style=\"font-weight: 400;\">https:\/\/consumer-redress.ec.europa.eu\/index_es<\/span><\/a><\/p><h3><b>8. Propiedad intelectual e industrial<\/b><\/h3><p><span style=\"font-weight: 400;\">EL TITULAR es propietario de todos los derechos de propiedad intelectual e industrial de su p\u00e1gina web, as\u00ed como de los elementos contenidos en la misma (a t\u00edtulo enunciativo: im\u00e1genes, fotograf\u00edas, sonido, audio, v\u00eddeo, software o textos; marcas o logotipos, combinaciones de colores, estructura y dise\u00f1o, selecci\u00f3n de materiales usados, programas de ordenador necesarios para su funcionamiento, acceso y uso, etc\u2026), titularidad del TITULAR o bien de sus licenciantes.<\/span><\/p><p><span style=\"font-weight: 400;\">Todos los derechos reservados. En virtud de lo dispuesto en los art\u00edculos 8 y 32.1, p\u00e1rrafo segundo, de la Ley de Propiedad Intelectual, quedan expresamente prohibidas la reproducci\u00f3n, la distribuci\u00f3n y la comunicaci\u00f3n p\u00fablica, incluida su modalidad de puesta a disposici\u00f3n, de la totalidad o parte de los contenidos de esta p\u00e1gina web, con fines comerciales, en cualquier soporte y por cualquier medio t\u00e9cnico, sin la autorizaci\u00f3n del TITULAR.<\/span><\/p><h3><b>9. Enlaces externos<\/b><\/h3><p><span style=\"font-weight: 400;\">Este sitio web puede contener enlaces a p\u00e1ginas de terceros. Attico Group no se responsabiliza del contenido, funcionamiento o resultados derivados del acceso a dichos enlaces externos.<\/span><\/p><p><span style=\"font-weight: 400;\">El establecimiento de enlaces hacia este sitio web desde otras p\u00e1ginas requerir\u00e1 autorizaci\u00f3n previa y expresa del titular.<\/span><\/p><h3><b>10. Exclusi\u00f3n de garant\u00edas y responsabilidad<\/b><\/h3><p><span style=\"font-weight: 400;\">Attico Group no garantiza la disponibilidad continua del sitio web ni la ausencia de errores, y no se hace responsable de los da\u00f1os y perjuicios que pudieran derivarse de:<\/span><\/p><ul><li style=\"font-weight: 400;\" aria-level=\"1\"><span style=\"font-weight: 400;\">La disponibilidad del funcionamiento de la p\u00e1gina web, sus servicios y contenidos y su calidad o interoperabilidad.<\/span><\/li><li style=\"font-weight: 400;\" aria-level=\"1\"><span style=\"font-weight: 400;\">La finalidad para la que la p\u00e1gina web sirva a los objetivos del USUARIO.<\/span><\/li><li style=\"font-weight: 400;\" aria-level=\"1\"><span style=\"font-weight: 400;\">Uso il\u00edcito, negligente o fraudulento del sitio web.<\/span><\/li><li style=\"font-weight: 400;\" aria-level=\"1\"><span style=\"font-weight: 400;\">La infracci\u00f3n de la legislaci\u00f3n vigente por parte del USUARIO o terceros y, en concreto, de los derechos de propiedad intelectual e industrial que sean titularidad de otras personas o entidades.<\/span><\/li><li style=\"font-weight: 400;\" aria-level=\"1\"><span style=\"font-weight: 400;\">La existencia de c\u00f3digos maliciosos o cualquier otro elemento inform\u00e1tico da\u00f1ino que pudiera causar el sistema inform\u00e1tico del USUARIO o de terceros. Corresponde al USUARIO, en todo caso, disponer de herramientas adecuadas para la detecci\u00f3n y desinfecci\u00f3n de estos elementos.<\/span><\/li><li style=\"font-weight: 400;\" aria-level=\"1\"><span style=\"font-weight: 400;\">El acceso fraudulento a los contenidos o servicios por terceos no autorizados, o, en su caso, la captura, eliminaci\u00f3n, alteraci\u00f3n, modificaci\u00f3n o manipulaci\u00f3n de los mensajes y comunicaciones de cualquier clase que dichos terceros pudiera realizar.<\/span><\/li><li style=\"font-weight: 400;\" aria-level=\"1\"><span style=\"font-weight: 400;\">La exactitud, veracidad, actualidad y utilidad de los contenidos y servicios ofrecidos y la utilizaci\u00f3n posterior que de ellos haga el USUARIO. EL TITULAR emplear\u00e1 todos los esfuerzos y medios razonables para facilitar la informaci\u00f3n actualizada y fehaciente.<\/span><\/li><li style=\"font-weight: 400;\" aria-level=\"1\"><span style=\"font-weight: 400;\">Los da\u00f1os producidos a equipos inform\u00e1ticos durante el acceso a la p\u00e1gina web y los da\u00f1os producidos a los USUARIOS cuando tengan su origen en fallos o desconexiones en las redes de telecomunicaciones que interrumpan el servicio.<\/span><\/li><li style=\"font-weight: 400;\" aria-level=\"1\"><span style=\"font-weight: 400;\">Los da\u00f1os o perjuicios que se deriven de circunstancias acaecidas por caso fortuito o fuerza mayor.<\/span><\/li><\/ul><h3><b>11. Ley aplicable y jurisdicci\u00f3n<\/b><\/h3><p><span style=\"font-weight: 400;\">Las relaciones entre Attico Group y los usuarios se regir\u00e1n por la <\/span><b>legislaci\u00f3n espa\u00f1ola<\/b><span style=\"font-weight: 400;\">.<\/span><span style=\"font-weight: 400;\"><br \/><\/span><span style=\"font-weight: 400;\">Para la resoluci\u00f3n de cualquier conflicto, las partes se someten a los <\/span><b>Juzgados y Tribunales de Sabadell<\/b><span style=\"font-weight: 400;\">, salvo que la normativa en materia de consumo disponga otra cosa.<\/span><\/p><h3><b>11. <\/b><b>Modificaci\u00f3n de este aviso legal y duraci\u00f3n<\/b><\/h3><p><span style=\"font-weight: 400;\">EL TITULAR se reserva el derecho de efectuar sin previo aviso las modificaciones que considere oportunas en su portal, pudiendo cambiar, suprimir o a\u00f1adir tantos contenidos y servicios que se presten a trav\u00e9s de la misma, como la forma en la que \u00e9stos aparezcan representados o localizados en su portal.<\/span><\/p><p><span style=\"font-weight: 400;\">La vigencia de las citadas condiciones ir\u00e1 en funci\u00f3n de su exposici\u00f3n y estar\u00e1n vigentes hasta que sean modificadas por otras debidamente publicadas.<\/span><\/p><h3><b>12. Contacto<\/b><\/h3><p><span style=\"font-weight: 400;\">Para cualquier consulta relacionada con el presente Aviso Legal, el usuario puede dirigirse a:<\/span><span style=\"font-weight: 400;\">\u00a0<\/span><b>[info@grupoattico.com]<\/b><\/p>\t\t\t\t\t\t\t\t<\/div>\n\t\t\t\t\t<\/div>\n\t\t\t\t<\/div>\n\t\t\t\t<\/div>\n\t\t","protected":false},"excerpt":{"rendered":"<p>Aviso legal y t\u00e9rminos de uso 1. Informaci\u00f3n general En cumplimiento del deber de informaci\u00f3n establecido en la normativa vigente [&hellip;]<\/p>\n","protected":false},"author":1,"featured_media":0,"parent":0,"menu_order":0,"comment_status":"closed","ping_status":"closed","template":"","meta":{"_uag_custom_page_level_css":"","site-sidebar-layout":"no-sidebar","site-content-layout":"","ast-site-content-layout":"full-width-container","site-content-style":"default","site-sidebar-style":"default","ast-global-header-display":"","ast-banner-title-visibility":"","ast-main-header-display":"","ast-hfb-above-header-display":"","ast-hfb-below-header-display":"","ast-hfb-mobile-header-display":"","site-post-title":"disabled","ast-breadcrumbs-content":"","ast-featured-img":"disabled","footer-sml-layout":"","ast-disable-related-posts":"","theme-transparent-header-meta":"","adv-header-id-meta":"","stick-header-meta":"","header-above-stick-meta":"","header-main-stick-meta":"","header-below-stick-meta":"","astra-migrate-meta-layouts":"default","ast-page-background-enabled":"default","ast-page-background-meta":{"desktop":{"background-color":"var(--ast-global-color-5)","background-image":"","background-repeat":"repeat","background-position":"center center","background-size":"auto","background-attachment":"scroll","background-type":"","background-media":"","overlay-type":"","overlay-color":"","overlay-opacity":"","overlay-gradient":""},"tablet":{"background-color":"","background-image":"","background-repeat":"repeat","background-position":"center center","background-size":"auto","background-attachment":"scroll","background-type":"","background-media":"","overlay-type":"","overlay-color":"","overlay-opacity":"","overlay-gradient":""},"mobile":{"background-color":"","background-image":"","background-repeat":"repeat","background-position":"center center","background-size":"auto","background-attachment":"scroll","background-type":"","background-media":"","overlay-type":"","overlay-color":"","overlay-opacity":"","overlay-gradient":""}},"ast-content-background-meta":{"desktop":{"background-color":"var(--ast-global-color-4)","background-image":"","background-repeat":"repeat","background-position":"center center","background-size":"auto","background-attachment":"scroll","background-type":"","background-media":"","overlay-type":"","overlay-color":"","overlay-opacity":"","overlay-gradient":""},"tablet":{"background-color":"var(--ast-global-color-4)","background-image":"","background-repeat":"repeat","background-position":"center center","background-size":"auto","background-attachment":"scroll","background-type":"","background-media":"","overlay-type":"","overlay-color":"","overlay-opacity":"","overlay-gradient":""},"mobile":{"background-color":"var(--ast-global-color-4)","background-image":"","background-repeat":"repeat","background-position":"center center","background-size":"auto","background-attachment":"scroll","background-type":"","background-media":"","overlay-type":"","overlay-color":"","overlay-opacity":"","overlay-gradient":""}},"footnotes":""},"class_list":["post-372","page","type-page","status-publish","hentry"],"yoast_head":"<!-- This site is optimized with the Yoast SEO plugin v27.4 - https:\/\/yoast.com\/product\/yoast-seo-wordpress\/ -->\n<title>Aviso legal - ATTICO GROUP<\/title>\n<meta name=\"robots\" content=\"index, follow, max-snippet:-1, max-image-preview:large, max-video-preview:-1\" \/>\n<link rel=\"canonical\" href=\"https:\/\/grupoattico.com\/index.php\/aviso-legal\/\" \/>\n<meta property=\"og:locale\" content=\"es_ES\" \/>\n<meta property=\"og:type\" content=\"article\" \/>\n<meta property=\"og:title\" content=\"Aviso legal - ATTICO GROUP\" \/>\n<meta property=\"og:description\" content=\"Aviso legal y t\u00e9rminos de uso 1. Informaci\u00f3n general En cumplimiento del deber de informaci\u00f3n establecido en la normativa vigente [&hellip;]\" \/>\n<meta property=\"og:url\" content=\"https:\/\/grupoattico.com\/index.php\/aviso-legal\/\" \/>\n<meta property=\"og:site_name\" content=\"ATTICO GROUP\" \/>\n<meta property=\"article:modified_time\" content=\"2026-01-30T08:19:12+00:00\" \/>\n<meta name=\"twitter:card\" content=\"summary_large_image\" \/>\n<meta name=\"twitter:label1\" content=\"Tiempo de lectura\" \/>\n\t<meta name=\"twitter:data1\" content=\"7 minutos\" \/>\n<script type=\"application\/ld+json\" class=\"yoast-schema-graph\">{\"@context\":\"https:\\\/\\\/schema.org\",\"@graph\":[{\"@type\":\"WebPage\",\"@id\":\"https:\\\/\\\/grupoattico.com\\\/index.php\\\/aviso-legal\\\/\",\"url\":\"https:\\\/\\\/grupoattico.com\\\/index.php\\\/aviso-legal\\\/\",\"name\":\"Aviso legal - ATTICO GROUP\",\"isPartOf\":{\"@id\":\"https:\\\/\\\/grupoattico.com\\\/#website\"},\"datePublished\":\"2025-09-18T15:20:10+00:00\",\"dateModified\":\"2026-01-30T08:19:12+00:00\",\"breadcrumb\":{\"@id\":\"https:\\\/\\\/grupoattico.com\\\/index.php\\\/aviso-legal\\\/#breadcrumb\"},\"inLanguage\":\"es\",\"potentialAction\":[{\"@type\":\"ReadAction\",\"target\":[\"https:\\\/\\\/grupoattico.com\\\/index.php\\\/aviso-legal\\\/\"]}]},{\"@type\":\"BreadcrumbList\",\"@id\":\"https:\\\/\\\/grupoattico.com\\\/index.php\\\/aviso-legal\\\/#breadcrumb\",\"itemListElement\":[{\"@type\":\"ListItem\",\"position\":1,\"name\":\"Portada\",\"item\":\"https:\\\/\\\/grupoattico.com\\\/\"},{\"@type\":\"ListItem\",\"position\":2,\"name\":\"Aviso legal\"}]},{\"@type\":\"WebSite\",\"@id\":\"https:\\\/\\\/grupoattico.com\\\/#website\",\"url\":\"https:\\\/\\\/grupoattico.com\\\/\",\"name\":\"Grupo Attico\",\"description\":\"\",\"publisher\":{\"@id\":\"https:\\\/\\\/grupoattico.com\\\/#organization\"},\"potentialAction\":[{\"@type\":\"SearchAction\",\"target\":{\"@type\":\"EntryPoint\",\"urlTemplate\":\"https:\\\/\\\/grupoattico.com\\\/?s={search_term_string}\"},\"query-input\":{\"@type\":\"PropertyValueSpecification\",\"valueRequired\":true,\"valueName\":\"search_term_string\"}}],\"inLanguage\":\"es\"},{\"@type\":\"Organization\",\"@id\":\"https:\\\/\\\/grupoattico.com\\\/#organization\",\"name\":\"Grupo Attico | Azafatas y eventos\",\"url\":\"https:\\\/\\\/grupoattico.com\\\/\",\"logo\":{\"@type\":\"ImageObject\",\"inLanguage\":\"es\",\"@id\":\"https:\\\/\\\/grupoattico.com\\\/#\\\/schema\\\/logo\\\/image\\\/\",\"url\":\"https:\\\/\\\/grupoattico.com\\\/wp-content\\\/uploads\\\/2025\\\/09\\\/LOGO-512x512-1.png\",\"contentUrl\":\"https:\\\/\\\/grupoattico.com\\\/wp-content\\\/uploads\\\/2025\\\/09\\\/LOGO-512x512-1.png\",\"width\":512,\"height\":512,\"caption\":\"Grupo Attico | Azafatas y eventos\"},\"image\":{\"@id\":\"https:\\\/\\\/grupoattico.com\\\/#\\\/schema\\\/logo\\\/image\\\/\"},\"sameAs\":[\"https:\\\/\\\/www.instagram.com\\\/atticogroup\\\/\"]}]}<\/script>\n<!-- \/ Yoast SEO plugin. -->","yoast_head_json":{"title":"Aviso legal - ATTICO GROUP","robots":{"index":"index","follow":"follow","max-snippet":"max-snippet:-1","max-image-preview":"max-image-preview:large","max-video-preview":"max-video-preview:-1"},"canonical":"https:\/\/grupoattico.com\/index.php\/aviso-legal\/","og_locale":"es_ES","og_type":"article","og_title":"Aviso legal - ATTICO GROUP","og_description":"Aviso legal y t\u00e9rminos de uso 1. Informaci\u00f3n general En cumplimiento del deber de informaci\u00f3n establecido en la normativa vigente [&hellip;]","og_url":"https:\/\/grupoattico.com\/index.php\/aviso-legal\/","og_site_name":"ATTICO GROUP","article_modified_time":"2026-01-30T08:19:12+00:00","twitter_card":"summary_large_image","twitter_misc":{"Tiempo de lectura":"7 minutos"},"schema":{"@context":"https:\/\/schema.org","@graph":[{"@type":"WebPage","@id":"https:\/\/grupoattico.com\/index.php\/aviso-legal\/","url":"https:\/\/grupoattico.com\/index.php\/aviso-legal\/","name":"Aviso legal - ATTICO GROUP","isPartOf":{"@id":"https:\/\/grupoattico.com\/#website"},"datePublished":"2025-09-18T15:20:10+00:00","dateModified":"2026-01-30T08:19:12+00:00","breadcrumb":{"@id":"https:\/\/grupoattico.com\/index.php\/aviso-legal\/#breadcrumb"},"inLanguage":"es","potentialAction":[{"@type":"ReadAction","target":["https:\/\/grupoattico.com\/index.php\/aviso-legal\/"]}]},{"@type":"BreadcrumbList","@id":"https:\/\/grupoattico.com\/index.php\/aviso-legal\/#breadcrumb","itemListElement":[{"@type":"ListItem","position":1,"name":"Portada","item":"https:\/\/grupoattico.com\/"},{"@type":"ListItem","position":2,"name":"Aviso legal"}]},{"@type":"WebSite","@id":"https:\/\/grupoattico.com\/#website","url":"https:\/\/grupoattico.com\/","name":"Grupo Attico","description":"","publisher":{"@id":"https:\/\/grupoattico.com\/#organization"},"potentialAction":[{"@type":"SearchAction","target":{"@type":"EntryPoint","urlTemplate":"https:\/\/grupoattico.com\/?s={search_term_string}"},"query-input":{"@type":"PropertyValueSpecification","valueRequired":true,"valueName":"search_term_string"}}],"inLanguage":"es"},{"@type":"Organization","@id":"https:\/\/grupoattico.com\/#organization","name":"Grupo Attico | Azafatas y eventos","url":"https:\/\/grupoattico.com\/","logo":{"@type":"ImageObject","inLanguage":"es","@id":"https:\/\/grupoattico.com\/#\/schema\/logo\/image\/","url":"https:\/\/grupoattico.com\/wp-content\/uploads\/2025\/09\/LOGO-512x512-1.png","contentUrl":"https:\/\/grupoattico.com\/wp-content\/uploads\/2025\/09\/LOGO-512x512-1.png","width":512,"height":512,"caption":"Grupo Attico | Azafatas y eventos"},"image":{"@id":"https:\/\/grupoattico.com\/#\/schema\/logo\/image\/"},"sameAs":["https:\/\/www.instagram.com\/atticogroup\/"]}]}},"_hostinger_reach_plugin_has_subscription_block":false,"_hostinger_reach_plugin_is_elementor":false,"uagb_featured_image_src":{"full":false,"thumbnail":false,"medium":false,"medium_large":false,"large":false,"1536x1536":false,"2048x2048":false},"uagb_author_info":{"display_name":"Anna","author_link":"https:\/\/grupoattico.com\/index.php\/author\/anna\/"},"uagb_comment_info":0,"uagb_excerpt":"Aviso legal y t\u00e9rminos de uso 1. Informaci\u00f3n general En cumplimiento del deber de informaci\u00f3n establecido en la normativa vigente [&hellip;]","_links":{"self":[{"href":"https:\/\/grupoattico.com\/index.php\/wp-json\/wp\/v2\/pages\/372","targetHints":{"allow":["GET"]}}],"collection":[{"href":"https:\/\/grupoattico.com\/index.php\/wp-json\/wp\/v2\/pages"}],"about":[{"href":"https:\/\/grupoattico.com\/index.php\/wp-json\/wp\/v2\/types\/page"}],"author":[{"embeddable":true,"href":"https:\/\/grupoattico.com\/index.php\/wp-json\/wp\/v2\/users\/1"}],"replies":[{"embeddable":true,"href":"https:\/\/grupoattico.com\/index.php\/wp-json\/wp\/v2\/comments?post=372"}],"version-history":[{"count":28,"href":"https:\/\/grupoattico.com\/index.php\/wp-json\/wp\/v2\/pages\/372\/revisions"}],"predecessor-version":[{"id":921,"href":"https:\/\/grupoattico.com\/index.php\/wp-json\/wp\/v2\/pages\/372\/revisions\/921"}],"wp:attachment":[{"href":"https:\/\/grupoattico.com\/index.php\/wp-json\/wp\/v2\/media?parent=372"}],"curies":[{"name":"wp","href":"https:\/\/api.w.org\/{rel}","templated":true}]}}